{"id":3,"date":"2024-07-09T08:29:36","date_gmt":"2024-07-09T08:29:36","guid":{"rendered":"https:\/\/venus-capital.ro\/?page_id=3"},"modified":"2026-02-18T09:55:25","modified_gmt":"2026-02-18T09:55:25","slug":"privacy-policy","status":"publish","type":"page","link":"https:\/\/venus-capital.ro\/ro\/privacy-policy\/","title":{"rendered":"Politica de confiden\u0163ialitate"},"content":{"rendered":"<div data-elementor-type=\"wp-page\" data-elementor-id=\"3\" class=\"elementor elementor-3\">\n\t\t\t\t<div class=\"elementor-element elementor-element-35154321 e-flex e-con-boxed e-con e-parent\" data-id=\"35154321\" data-element_type=\"container\">\n\t\t\t\t\t<div class=\"e-con-inner\">\n\t\t\t\t<div class=\"elementor-element elementor-element-44224dcb elementor-widget elementor-widget-text-editor\" data-id=\"44224dcb\" data-element_type=\"widget\" data-widget_type=\"text-editor.default\">\n\t\t\t\t<div class=\"elementor-widget-container\">\n\t\t\t<style>\/*! elementor - v3.23.0 - 15-07-2024 *\/\n.elementor-widget-text-editor.elementor-drop-cap-view-stacked .elementor-drop-cap{background-color:#69727d;color:#fff}.elementor-widget-text-editor.elementor-drop-cap-view-framed .elementor-drop-cap{color:#69727d;border:3px solid;background-color:transparent}.elementor-widget-text-editor:not(.elementor-drop-cap-view-default) .elementor-drop-cap{margin-top:8px}.elementor-widget-text-editor:not(.elementor-drop-cap-view-default) .elementor-drop-cap-letter{width:1em;height:1em}.elementor-widget-text-editor .elementor-drop-cap{float:left;text-align:center;line-height:1;font-size:50px}.elementor-widget-text-editor .elementor-drop-cap-letter{display:inline-block}<\/style>\t\t\t\t<!-- wp:heading -->\n<p align=\"left\"><strong><span style=\"font-size: x-large;\">Politica de confiden\u0163ialitate<\/span><\/strong><\/p>\n<p>\u00cencep\u00e2nd cu data de 25 mai 2018, Regulamentul 2016\/679\/UE privind protec\u021bia persoanelor fizice \u00een ceea ce prive\u0219te prelucrarea datelor cu caracter personal \u0219i libera circula\u021bie a acestor date a intrat \u00een vigoare \u0219i va fi aplicat de toate statele membre ale UE.<\/p>\n<p>VENUS CAPITAL INVESTMENT SRL se aliniaz\u0103 prevederilor Regulamentului 2016\/679\/UE \u0219i v\u0103 informeaz\u0103 prin \u201epolitica de confiden\u021bialitate\u201d cu privire la drepturile dumneavoastr\u0103 \u00een ceea ce prive\u0219te prelucrarea datelor cu caracter personal.<\/p>\n<p>\u00a0<\/p>\n<p><strong>Prelucrarea datelor<\/strong><\/p>\n<p>Prelucrarea \u00eenseamn\u0103 opera\u021biuni precum: colectarea, \u00eenregistrarea, organizarea, stocarea, modificarea, consultarea, utilizarea, transmiterea, \u0219tergerea, arhivarea datelor cu caracter personal.<\/p>\n<p><b>Ce date prelucr\u0103m:<\/b><\/p>\n<p>Date de identificare: nume, prenume, CNP, seria \u0219i num\u0103rul c\u0103r\u021bii de identitate, num\u0103rul pa\u0219aportului \u0219i alte informa\u021bii con\u021binute \u00een acesta, adresa de domiciliu, adresa po\u0219tal\u0103, e-mail, telefon (fix, mobil, fax), identificator online;<\/p>\n<p>Date trimise de ter\u021bi: nume, prenume, num\u0103r de telefon, adres\u0103 de e-mail, mesaje trimise pentru diverse propriet\u0103\u021bi publicate \u0219i promovate pe site-ul propriu \u0219i pe site-urile partenerilor.<\/p>\n<p>Date tehnice: adresa IP, sistemul de operare, platformele dispozitivelor utilizate pentru accesarea propriet\u0103\u021bilor noastre publicate.<\/p>\n<p>Toate datele dvs. sunt colectate dup\u0103 ce a\u021bi acceptat automat Termenii \u0219i condi\u021biile site-ului web \u0219i Politica de confiden\u021bialitate.<\/p>\n<p><b>Scopul prelucr\u0103rii datelor colectate<\/b><\/p>\n<p>Scopurile pentru care VENUS CAPITAL INVESTMENT SRL prelucreaz\u0103 datele cu caracter personal sunt:<\/p>\n<p>\u2013 furnizarea de servicii de intermediere imobiliar\u0103 prin canalele disponibile \u00een acest scop (VENUS CAPITAL INVESTMENT SRL cu sediul Blvd. Pipera.,nr. 1\/VI A, Etajul 2, Voluntari, Ilfov, internet, e-mail, telefon)<\/p>\n<p>\u2013 identificarea persoanelor vizate at\u00e2t la sediul VENUS CAPITAL INVESTMENT SRL, c\u00e2t \u0219i prin mijloace de comunicare (internet, e-mail, telefon)<\/p>\n<p>\u2013 efectuarea de analize, studii de pia\u021b\u0103, prin care se urm\u0103re\u0219te evaluarea Clientului, persoana fizic\u0103 vizat\u0103, \u00een scopul efectu\u0103rii diverselor opera\u021biuni legate de obiectul de activitate al societ\u0103\u021bii VENUS CAPITAL INVESTMENT SRL.<\/p>\n<p>\u2013 desf\u0103\u0219urarea de activit\u0103\u021bi de marketing sau publicitate \u00een general, realizarea de sondaje. \u00cen acest sens, datele dvs. personale vor fi utilizate pentru a v\u0103 informa despre noi propriet\u0103\u021bi pe pia\u021b\u0103, reduceri de pre\u021b la propriet\u0103\u021bile existente \u00een portofoliu.<\/p>\n<p>\u00cen vederea \u00eendeplinirii scopurilor men\u021bionate, datele cu caracter personal vor fi prelucrate de VENUS CAPITAL INVESTMENT SRL pe durata rela\u021biei contractuale \u0219i dup\u0103 \u00eencheierea acesteia, \u00een vederea respect\u0103rii obliga\u021biilor legale aplicabile \u00een acest domeniu.<\/p>\n<p>V\u0103 inform\u0103m c\u0103, prin utilizarea site-ului nostru web, putem colecta automat date tehnice prin utilizarea fi\u0219ierelor cookie. Pute\u021bi g\u0103si pagina de cookies <a href=\"https:\/\/venus-capital.ro\/ro\/cookies-policy\/\" target=\"_blank\" rel=\"noopener\">AICI<\/a>.<\/p>\n<p>\u00a0<\/p>\n<p><b>Drepturile clien\u021bilor<\/b><\/p>\n<p>Dreptul la informare \u2013 dreptul de a primi informa\u021bii cu privire la activit\u0103\u021bile de prelucrare a datelor cu caracter personal efectuate de VENUS CAPITAL INVESTMENT SRL.<\/p>\n<p>Dreptul de acces \u2013 pute\u021bi solicita \u0219i ob\u021bine confirmarea dac\u0103 datele dvs. personale sunt sau nu prelucrate de VENUS CAPITAL INVESTMENT SRL.<\/p>\n<p>Dreptul la rectificare \u2013 dreptul de a ob\u021bine rectificarea datelor cu caracter personal \u0219i actualizarea datelor incomplete.<\/p>\n<p>Dreptul la opozi\u021bie \u2013 pute\u021bi s\u0103 v\u0103 opune\u021bi \u00een orice moment prelucr\u0103rii datelor dvs. cu caracter personal.<\/p>\n<p>Dreptul de a retrage consim\u021b\u0103m\u00e2ntul \u2013 \u00een cazurile \u00een care prelucrarea se bazeaz\u0103 pe consim\u021b\u0103m\u00e2nt, acesta poate fi retras \u00een orice moment.<\/p>\n<p>Dreptul la \u0219tergere \u2013 ave\u021bi dreptul s\u0103 solicita\u021bi \u0219tergerea datelor dvs. personale din baza noastr\u0103 de date.<\/p>\n<p>V\u0103 recomand\u0103m s\u0103 citi\u021bi Termenii \u0219i condi\u021biile actualizate ale companiei \u0219i Politica privind modulele cookie, \u00een conformitate cu normele Regulamentului general privind protec\u021bia datelor (GDPR) al Uniunii Europene.<\/p>\n<p><b>Detalii contact:<\/b><\/p>\n<p><a href=\"mailto:office@venus-capital.ro\">office@venus-capital.ro\u00a0 | <\/a><a href=\"tel:+40739663009\">+4 0739 663 009<\/a><\/p>\t\t\t\t\t\t<\/div>\n\t\t\t\t<\/div>\n\t\t\t\t\t<\/div>\n\t\t\t\t<\/div>\n\t\t\t\t<\/div>","protected":false},"excerpt":{"rendered":"<p>Privacy Policy As of 25 May 2018, Regulation 2016\/679\/EU on the protection of individuals with regard to the processing of personal data and on the free movement of such data has entered into force and will be applied by all EU Member States. VENUS CAPITAL INVESTMENT SRL aligns itself with the provisions of Regulation 2016\/679\/EU [&hellip;]<\/p>","protected":false},"author":1,"featured_media":0,"parent":0,"menu_order":0,"comment_status":"closed","ping_status":"open","template":"","meta":{"footnotes":""},"class_list":["post-3","page","type-page","status-publish","hentry"],"aioseo_notices":[],"_links":{"self":[{"href":"https:\/\/venus-capital.ro\/ro\/wp-json\/wp\/v2\/pages\/3","targetHints":{"allow":["GET"]}}],"collection":[{"href":"https:\/\/venus-capital.ro\/ro\/wp-json\/wp\/v2\/pages"}],"about":[{"href":"https:\/\/venus-capital.ro\/ro\/wp-json\/wp\/v2\/types\/page"}],"author":[{"embeddable":true,"href":"https:\/\/venus-capital.ro\/ro\/wp-json\/wp\/v2\/users\/1"}],"replies":[{"embeddable":true,"href":"https:\/\/venus-capital.ro\/ro\/wp-json\/wp\/v2\/comments?post=3"}],"version-history":[{"count":0,"href":"https:\/\/venus-capital.ro\/ro\/wp-json\/wp\/v2\/pages\/3\/revisions"}],"wp:attachment":[{"href":"https:\/\/venus-capital.ro\/ro\/wp-json\/wp\/v2\/media?parent=3"}],"curies":[{"name":"wp","href":"https:\/\/api.w.org\/{rel}","templated":true}]}}